{"id":648,"date":"2025-09-08T09:17:18","date_gmt":"2025-09-08T12:17:18","guid":{"rendered":"https:\/\/imakindustrial.com.br\/lp\/?post_type=product&#038;p=648"},"modified":"2025-09-08T10:37:40","modified_gmt":"2025-09-08T13:37:40","slug":"cg-28500-multi-inox","status":"publish","type":"product","link":"https:\/\/imakindustrial.com.br\/lp\/product\/cg-28500-multi-inox\/","title":{"rendered":"CG &#8211; 28500 Multi Inox"},"content":{"rendered":"<p>&nbsp;<\/p>\n<p><img fetchpriority=\"high\" decoding=\"async\" class=\"alignnone wp-image-652\" src=\"https:\/\/imakindustrial.com.br\/lp\/wp-content\/uploads\/2025\/09\/CG-28500-Inox-1-300x117.png\" alt=\"\" width=\"940\" height=\"366\" srcset=\"https:\/\/imakindustrial.com.br\/lp\/wp-content\/uploads\/2025\/09\/CG-28500-Inox-1-300x117.png 300w, https:\/\/imakindustrial.com.br\/lp\/wp-content\/uploads\/2025\/09\/CG-28500-Inox-1-1024x400.png 1024w, https:\/\/imakindustrial.com.br\/lp\/wp-content\/uploads\/2025\/09\/CG-28500-Inox-1-768x300.png 768w, https:\/\/imakindustrial.com.br\/lp\/wp-content\/uploads\/2025\/09\/CG-28500-Inox-1-600x235.png 600w\" sizes=\"(max-width: 940px) 100vw, 940px\" \/><\/p>\n\n<div class=\"wpcf7 no-js\" id=\"wpcf7-f216-o1\" lang=\"pt-BR\" dir=\"ltr\">\n<div class=\"screen-reader-response\"><p role=\"status\" aria-live=\"polite\" aria-atomic=\"true\"><\/p> <ul><\/ul><\/div>\n<form action=\"\/lp\/wp-json\/wp\/v2\/product\/648#wpcf7-f216-o1\" method=\"post\" class=\"wpcf7-form init\" aria-label=\"Contact form\" novalidate=\"novalidate\" data-status=\"init\">\n<div style=\"display: none;\">\n<input type=\"hidden\" name=\"_wpcf7\" value=\"216\" \/>\n<input type=\"hidden\" name=\"_wpcf7_version\" value=\"5.8.3\" \/>\n<input type=\"hidden\" name=\"_wpcf7_locale\" value=\"pt_BR\" \/>\n<input type=\"hidden\" name=\"_wpcf7_unit_tag\" value=\"wpcf7-f216-o1\" \/>\n<input type=\"hidden\" name=\"_wpcf7_container_post\" value=\"0\" \/>\n<input type=\"hidden\" name=\"_wpcf7_posted_data_hash\" value=\"\" \/>\n<\/div>\n<p><label> Nome<br \/>\n<span class=\"wpcf7-form-control-wrap\" data-name=\"your-name\"><input size=\"40\" class=\"wpcf7-form-control wpcf7-text wpcf7-validates-as-required\" aria-required=\"true\" aria-invalid=\"false\" value=\"\" type=\"text\" name=\"your-name\" \/><\/span> <\/label>\n<\/p>\n<p><label> E-mail<br \/>\n<span class=\"wpcf7-form-control-wrap\" data-name=\"your-email\"><input size=\"40\" class=\"wpcf7-form-control wpcf7-email wpcf7-validates-as-required wpcf7-text wpcf7-validates-as-email\" aria-required=\"true\" aria-invalid=\"false\" value=\"\" type=\"email\" name=\"your-email\" \/><\/span> <\/label>\n<\/p>\n<p><label> WhatsApp<br \/>\n<span class=\"wpcf7-form-control-wrap\" data-name=\"tel-828\"><input size=\"40\" class=\"wpcf7-form-control wpcf7-tel wpcf7-text wpcf7-validates-as-tel\" aria-invalid=\"false\" value=\"\" type=\"tel\" name=\"tel-828\" \/><\/span> <\/label>\n<\/p>\n<p><label> Cidade<br \/>\n<span class=\"wpcf7-form-control-wrap\" data-name=\"cidade\"><input size=\"40\" class=\"wpcf7-form-control wpcf7-text wpcf7-validates-as-required\" aria-required=\"true\" aria-invalid=\"false\" value=\"\" type=\"text\" name=\"cidade\" \/><\/span> <\/label>\n<\/p>\n<p><input class=\"wpcf7-form-control wpcf7-submit has-spinner\" type=\"submit\" value=\"Baixar Manual\" \/>\n<\/p><div class=\"wpcf7-response-output\" aria-hidden=\"true\"><\/div>\n<\/form>\n<\/div>\n\n","protected":false},"excerpt":{"rendered":"<p>A Carreta Graneleira da IMAK tem uma estrutura robusta e confi\u00e1vel, garantindo baixo custo de manuten\u00e7\u00e3o.<\/p>\n","protected":false},"featured_media":650,"template":"","meta":[],"product_cat":[21],"product_tag":[],"_links":{"self":[{"href":"https:\/\/imakindustrial.com.br\/lp\/wp-json\/wp\/v2\/product\/648"}],"collection":[{"href":"https:\/\/imakindustrial.com.br\/lp\/wp-json\/wp\/v2\/product"}],"about":[{"href":"https:\/\/imakindustrial.com.br\/lp\/wp-json\/wp\/v2\/types\/product"}],"wp:featuredmedia":[{"embeddable":true,"href":"https:\/\/imakindustrial.com.br\/lp\/wp-json\/wp\/v2\/media\/650"}],"wp:attachment":[{"href":"https:\/\/imakindustrial.com.br\/lp\/wp-json\/wp\/v2\/media?parent=648"}],"wp:term":[{"taxonomy":"product_cat","embeddable":true,"href":"https:\/\/imakindustrial.com.br\/lp\/wp-json\/wp\/v2\/product_cat?post=648"},{"taxonomy":"product_tag","embeddable":true,"href":"https:\/\/imakindustrial.com.br\/lp\/wp-json\/wp\/v2\/product_tag?post=648"}],"curies":[{"name":"wp","href":"https:\/\/api.w.org\/{rel}","templated":true}]}}