{"id":301,"date":"2023-11-23T13:48:34","date_gmt":"2023-11-23T16:48:34","guid":{"rendered":"https:\/\/imakindustrial.com.br\/lp\/?post_type=product&#038;p=301"},"modified":"2024-06-04T09:29:54","modified_gmt":"2024-06-04T12:29:54","slug":"gt-guincho-traseiro","status":"publish","type":"product","link":"https:\/\/imakindustrial.com.br\/lp\/product\/gt-guincho-traseiro\/","title":{"rendered":"GT &#8211; Guincho Traseiro"},"content":{"rendered":"<p><img fetchpriority=\"high\" decoding=\"async\" class=\"alignnone wp-image-302 size-full\" src=\"https:\/\/imakindustrial.com.br\/lp\/wp-content\/uploads\/2023\/11\/gttec.png\" alt=\"\" width=\"933\" height=\"501\" srcset=\"https:\/\/imakindustrial.com.br\/lp\/wp-content\/uploads\/2023\/11\/gttec.png 933w, https:\/\/imakindustrial.com.br\/lp\/wp-content\/uploads\/2023\/11\/gttec-300x161.png 300w, https:\/\/imakindustrial.com.br\/lp\/wp-content\/uploads\/2023\/11\/gttec-768x412.png 768w, https:\/\/imakindustrial.com.br\/lp\/wp-content\/uploads\/2023\/11\/gttec-600x322.png 600w\" sizes=\"(max-width: 933px) 100vw, 933px\" \/><br \/>\n\n<div class=\"wpcf7 no-js\" id=\"wpcf7-f447-o1\" lang=\"pt-BR\" dir=\"ltr\">\n<div class=\"screen-reader-response\"><p role=\"status\" aria-live=\"polite\" aria-atomic=\"true\"><\/p> <ul><\/ul><\/div>\n<form action=\"\/lp\/wp-json\/wp\/v2\/product\/301#wpcf7-f447-o1\" method=\"post\" class=\"wpcf7-form init\" aria-label=\"Contact form\" novalidate=\"novalidate\" data-status=\"init\">\n<div style=\"display: none;\">\n<input type=\"hidden\" name=\"_wpcf7\" value=\"447\" \/>\n<input type=\"hidden\" name=\"_wpcf7_version\" value=\"5.8.3\" \/>\n<input type=\"hidden\" name=\"_wpcf7_locale\" value=\"pt_BR\" \/>\n<input type=\"hidden\" name=\"_wpcf7_unit_tag\" value=\"wpcf7-f447-o1\" \/>\n<input type=\"hidden\" name=\"_wpcf7_container_post\" value=\"0\" \/>\n<input type=\"hidden\" name=\"_wpcf7_posted_data_hash\" value=\"\" \/>\n<\/div>\n<p><label> Nome<br \/>\n<span class=\"wpcf7-form-control-wrap\" data-name=\"your-name\"><input size=\"40\" class=\"wpcf7-form-control wpcf7-text wpcf7-validates-as-required\" aria-required=\"true\" aria-invalid=\"false\" value=\"\" type=\"text\" name=\"your-name\" \/><\/span> <\/label>\n<\/p>\n<p><label> E-mail<br \/>\n<span class=\"wpcf7-form-control-wrap\" data-name=\"your-email\"><input size=\"40\" class=\"wpcf7-form-control wpcf7-email wpcf7-validates-as-required wpcf7-text wpcf7-validates-as-email\" aria-required=\"true\" aria-invalid=\"false\" value=\"\" type=\"email\" name=\"your-email\" \/><\/span> <\/label>\n<\/p>\n<p><label> WhatsApp<br \/>\n<span class=\"wpcf7-form-control-wrap\" data-name=\"tel-828\"><input size=\"40\" class=\"wpcf7-form-control wpcf7-tel wpcf7-text wpcf7-validates-as-tel\" aria-invalid=\"false\" value=\"\" type=\"tel\" name=\"tel-828\" \/><\/span> <\/label>\n<\/p>\n<p><label> Cidade<br \/>\n<span class=\"wpcf7-form-control-wrap\" data-name=\"cidade\"><input size=\"40\" class=\"wpcf7-form-control wpcf7-text wpcf7-validates-as-required\" aria-required=\"true\" aria-invalid=\"false\" value=\"\" type=\"text\" name=\"cidade\" \/><\/span> <\/label>\n<\/p>\n<p><input class=\"wpcf7-form-control wpcf7-submit has-spinner\" type=\"submit\" value=\"Baixar Manual\" \/>\n<\/p><div class=\"wpcf7-response-output\" aria-hidden=\"true\"><\/div>\n<\/form>\n<\/div>\n<\/p>\n","protected":false},"excerpt":{"rendered":"<div class=\"cartao\">\n<p id=\"descricao\" class=\"color-cinza-forte titillium_regular\">A movimenta\u00e7\u00e3o, carregamento e descarregamento de m\u00e1quinas, equipamentos e produtos, que em outros tempos era um trabalho \u00e1rduo e cansativo, hoje pode ser f\u00e1cil, r\u00e1pido e econ\u00f4mico, com a utiliza\u00e7\u00e3o do Guincho Traseiro. Constru\u00eddo em perfil tubular de a\u00e7o carbono, a robustez aliada ao material de alta qualidade garante ao equipamento alto desempenho e seguran\u00e7a na movimenta\u00e7\u00e3o de cargas. O acoplamento permite sua aplica\u00e7\u00e3o em todos os tipos de tratores equipados com sistema de tr\u00eas pontos. Equipamento simples, robusto e de f\u00e1cil opera\u00e7\u00e3o.<\/p>\n<\/div>\n","protected":false},"featured_media":534,"template":"","meta":[],"product_cat":[20],"product_tag":[],"_links":{"self":[{"href":"https:\/\/imakindustrial.com.br\/lp\/wp-json\/wp\/v2\/product\/301"}],"collection":[{"href":"https:\/\/imakindustrial.com.br\/lp\/wp-json\/wp\/v2\/product"}],"about":[{"href":"https:\/\/imakindustrial.com.br\/lp\/wp-json\/wp\/v2\/types\/product"}],"wp:featuredmedia":[{"embeddable":true,"href":"https:\/\/imakindustrial.com.br\/lp\/wp-json\/wp\/v2\/media\/534"}],"wp:attachment":[{"href":"https:\/\/imakindustrial.com.br\/lp\/wp-json\/wp\/v2\/media?parent=301"}],"wp:term":[{"taxonomy":"product_cat","embeddable":true,"href":"https:\/\/imakindustrial.com.br\/lp\/wp-json\/wp\/v2\/product_cat?post=301"},{"taxonomy":"product_tag","embeddable":true,"href":"https:\/\/imakindustrial.com.br\/lp\/wp-json\/wp\/v2\/product_tag?post=301"}],"curies":[{"name":"wp","href":"https:\/\/api.w.org\/{rel}","templated":true}]}}