{"id":294,"date":"2023-11-23T13:45:40","date_gmt":"2023-11-23T16:45:40","guid":{"rendered":"https:\/\/imakindustrial.com.br\/lp\/?post_type=product&#038;p=294"},"modified":"2024-06-04T09:31:32","modified_gmt":"2024-06-04T12:31:32","slug":"rth-raspo-transportador-hidraulico","status":"publish","type":"product","link":"https:\/\/imakindustrial.com.br\/lp\/product\/rth-raspo-transportador-hidraulico\/","title":{"rendered":"RTH &#8211; Raspo Transportador Hidr\u00e1ulico"},"content":{"rendered":"<p><img fetchpriority=\"high\" decoding=\"async\" class=\"alignnone wp-image-296 size-full\" src=\"https:\/\/imakindustrial.com.br\/lp\/wp-content\/uploads\/2023\/11\/rthtec-1.png\" alt=\"\" width=\"1425\" height=\"516\" srcset=\"https:\/\/imakindustrial.com.br\/lp\/wp-content\/uploads\/2023\/11\/rthtec-1.png 1425w, https:\/\/imakindustrial.com.br\/lp\/wp-content\/uploads\/2023\/11\/rthtec-1-300x109.png 300w, https:\/\/imakindustrial.com.br\/lp\/wp-content\/uploads\/2023\/11\/rthtec-1-1024x371.png 1024w, https:\/\/imakindustrial.com.br\/lp\/wp-content\/uploads\/2023\/11\/rthtec-1-768x278.png 768w, https:\/\/imakindustrial.com.br\/lp\/wp-content\/uploads\/2023\/11\/rthtec-1-600x217.png 600w\" sizes=\"(max-width: 1425px) 100vw, 1425px\" \/><br \/>\n\n<div class=\"wpcf7 no-js\" id=\"wpcf7-f455-o1\" lang=\"pt-BR\" dir=\"ltr\">\n<div class=\"screen-reader-response\"><p role=\"status\" aria-live=\"polite\" aria-atomic=\"true\"><\/p> <ul><\/ul><\/div>\n<form action=\"\/lp\/wp-json\/wp\/v2\/product\/294#wpcf7-f455-o1\" method=\"post\" class=\"wpcf7-form init\" aria-label=\"Contact form\" novalidate=\"novalidate\" data-status=\"init\">\n<div style=\"display: none;\">\n<input type=\"hidden\" name=\"_wpcf7\" value=\"455\" \/>\n<input type=\"hidden\" name=\"_wpcf7_version\" value=\"5.8.3\" \/>\n<input type=\"hidden\" name=\"_wpcf7_locale\" value=\"pt_BR\" \/>\n<input type=\"hidden\" name=\"_wpcf7_unit_tag\" value=\"wpcf7-f455-o1\" \/>\n<input type=\"hidden\" name=\"_wpcf7_container_post\" value=\"0\" \/>\n<input type=\"hidden\" name=\"_wpcf7_posted_data_hash\" value=\"\" \/>\n<\/div>\n<p><label> Nome<br \/>\n<span class=\"wpcf7-form-control-wrap\" data-name=\"your-name\"><input size=\"40\" class=\"wpcf7-form-control wpcf7-text wpcf7-validates-as-required\" aria-required=\"true\" aria-invalid=\"false\" value=\"\" type=\"text\" name=\"your-name\" \/><\/span> <\/label>\n<\/p>\n<p><label> E-mail<br \/>\n<span class=\"wpcf7-form-control-wrap\" data-name=\"your-email\"><input size=\"40\" class=\"wpcf7-form-control wpcf7-email wpcf7-validates-as-required wpcf7-text wpcf7-validates-as-email\" aria-required=\"true\" aria-invalid=\"false\" value=\"\" type=\"email\" name=\"your-email\" \/><\/span> <\/label>\n<\/p>\n<p><label> WhatsApp<br \/>\n<span class=\"wpcf7-form-control-wrap\" data-name=\"tel-828\"><input size=\"40\" class=\"wpcf7-form-control wpcf7-tel wpcf7-text wpcf7-validates-as-tel\" aria-invalid=\"false\" value=\"\" type=\"tel\" name=\"tel-828\" \/><\/span> <\/label>\n<\/p>\n<p><label> Cidade<br \/>\n<span class=\"wpcf7-form-control-wrap\" data-name=\"cidade\"><input size=\"40\" class=\"wpcf7-form-control wpcf7-text wpcf7-validates-as-required\" aria-required=\"true\" aria-invalid=\"false\" value=\"\" type=\"text\" name=\"cidade\" \/><\/span> <\/label>\n<\/p>\n<p><input class=\"wpcf7-form-control wpcf7-submit has-spinner\" type=\"submit\" value=\"Baixar Manual\" \/>\n<\/p><div class=\"wpcf7-response-output\" aria-hidden=\"true\"><\/div>\n<\/form>\n<\/div>\n<\/p>\n","protected":false},"excerpt":{"rendered":"<div class=\"cartao\">\n<p>Projetado para trabalho pesado, movendo maior volume de material por hora e proporcionando a m\u00e1xima produtividade. O Raspo Transportador Hidr\u00e1ulico, apresenta qualidade excepcional e versatilidade, que proporciona alta performance e durabilidade . O RTH \u00e9 equipado com um cilindro hidr\u00e1ulico de elevado desempenho e robustez, que permite \u00f3tima capacidade de carga, baixo \u00edndice de manuten\u00e7\u00e3o, f\u00e1cil opera\u00e7\u00e3o e grande conforto. Ideal para a movimenta\u00e7\u00e3o de materiais como: terra, entulho, mat\u00e9ria org\u00e2nica, silagem, fertilizante. Tamb\u00e9m pode ser utilizado como l\u00e2mina em trabalhos que exigem a remo\u00e7\u00e3o de materiais e nivelamento de terrenos. Com um excelente conforto para o operador e f\u00e1cil opera\u00e7\u00e3o, o Raspo Transportador Hidr\u00e1ulico permite o m\u00e1ximo aproveitamento da jornada de trabalho.<\/p>\n<\/div>\n","protected":false},"featured_media":536,"template":"","meta":[],"product_cat":[20],"product_tag":[],"_links":{"self":[{"href":"https:\/\/imakindustrial.com.br\/lp\/wp-json\/wp\/v2\/product\/294"}],"collection":[{"href":"https:\/\/imakindustrial.com.br\/lp\/wp-json\/wp\/v2\/product"}],"about":[{"href":"https:\/\/imakindustrial.com.br\/lp\/wp-json\/wp\/v2\/types\/product"}],"wp:featuredmedia":[{"embeddable":true,"href":"https:\/\/imakindustrial.com.br\/lp\/wp-json\/wp\/v2\/media\/536"}],"wp:attachment":[{"href":"https:\/\/imakindustrial.com.br\/lp\/wp-json\/wp\/v2\/media?parent=294"}],"wp:term":[{"taxonomy":"product_cat","embeddable":true,"href":"https:\/\/imakindustrial.com.br\/lp\/wp-json\/wp\/v2\/product_cat?post=294"},{"taxonomy":"product_tag","embeddable":true,"href":"https:\/\/imakindustrial.com.br\/lp\/wp-json\/wp\/v2\/product_tag?post=294"}],"curies":[{"name":"wp","href":"https:\/\/api.w.org\/{rel}","templated":true}]}}