{"id":260,"date":"2023-11-23T13:26:20","date_gmt":"2023-11-23T16:26:20","guid":{"rendered":"https:\/\/imakindustrial.com.br\/lp\/?post_type=product&#038;p=260"},"modified":"2024-06-04T09:43:00","modified_gmt":"2024-06-04T12:43:00","slug":"ss-subsolador","status":"publish","type":"product","link":"https:\/\/imakindustrial.com.br\/lp\/product\/ss-subsolador\/","title":{"rendered":"SS &#8211; Subsolador"},"content":{"rendered":"<p><img fetchpriority=\"high\" decoding=\"async\" class=\"alignnone wp-image-261 size-full\" src=\"https:\/\/imakindustrial.com.br\/lp\/wp-content\/uploads\/2023\/11\/sstec.png\" alt=\"\" width=\"1072\" height=\"589\" srcset=\"https:\/\/imakindustrial.com.br\/lp\/wp-content\/uploads\/2023\/11\/sstec.png 1072w, https:\/\/imakindustrial.com.br\/lp\/wp-content\/uploads\/2023\/11\/sstec-300x165.png 300w, https:\/\/imakindustrial.com.br\/lp\/wp-content\/uploads\/2023\/11\/sstec-1024x563.png 1024w, https:\/\/imakindustrial.com.br\/lp\/wp-content\/uploads\/2023\/11\/sstec-768x422.png 768w, https:\/\/imakindustrial.com.br\/lp\/wp-content\/uploads\/2023\/11\/sstec-600x330.png 600w\" sizes=\"(max-width: 1072px) 100vw, 1072px\" \/><br \/>\n\n<div class=\"wpcf7 no-js\" id=\"wpcf7-f459-o1\" lang=\"pt-BR\" dir=\"ltr\">\n<div class=\"screen-reader-response\"><p role=\"status\" aria-live=\"polite\" aria-atomic=\"true\"><\/p> <ul><\/ul><\/div>\n<form action=\"\/lp\/wp-json\/wp\/v2\/product\/260#wpcf7-f459-o1\" method=\"post\" class=\"wpcf7-form init\" aria-label=\"Contact form\" novalidate=\"novalidate\" data-status=\"init\">\n<div style=\"display: none;\">\n<input type=\"hidden\" name=\"_wpcf7\" value=\"459\" \/>\n<input type=\"hidden\" name=\"_wpcf7_version\" value=\"5.8.3\" \/>\n<input type=\"hidden\" name=\"_wpcf7_locale\" value=\"pt_BR\" \/>\n<input type=\"hidden\" name=\"_wpcf7_unit_tag\" value=\"wpcf7-f459-o1\" \/>\n<input type=\"hidden\" name=\"_wpcf7_container_post\" value=\"0\" \/>\n<input type=\"hidden\" name=\"_wpcf7_posted_data_hash\" value=\"\" \/>\n<\/div>\n<p><label> Nome<br \/>\n<span class=\"wpcf7-form-control-wrap\" data-name=\"your-name\"><input size=\"40\" class=\"wpcf7-form-control wpcf7-text wpcf7-validates-as-required\" aria-required=\"true\" aria-invalid=\"false\" value=\"\" type=\"text\" name=\"your-name\" \/><\/span> <\/label>\n<\/p>\n<p><label> E-mail<br \/>\n<span class=\"wpcf7-form-control-wrap\" data-name=\"your-email\"><input size=\"40\" class=\"wpcf7-form-control wpcf7-email wpcf7-validates-as-required wpcf7-text wpcf7-validates-as-email\" aria-required=\"true\" aria-invalid=\"false\" value=\"\" type=\"email\" name=\"your-email\" \/><\/span> <\/label>\n<\/p>\n<p><label> WhatsApp<br \/>\n<span class=\"wpcf7-form-control-wrap\" data-name=\"tel-828\"><input size=\"40\" class=\"wpcf7-form-control wpcf7-tel wpcf7-text wpcf7-validates-as-tel\" aria-invalid=\"false\" value=\"\" type=\"tel\" name=\"tel-828\" \/><\/span> <\/label>\n<\/p>\n<p><label> Cidade<br \/>\n<span class=\"wpcf7-form-control-wrap\" data-name=\"cidade\"><input size=\"40\" class=\"wpcf7-form-control wpcf7-text wpcf7-validates-as-required\" aria-required=\"true\" aria-invalid=\"false\" value=\"\" type=\"text\" name=\"cidade\" \/><\/span> <\/label>\n<\/p>\n<p><input class=\"wpcf7-form-control wpcf7-submit has-spinner\" type=\"submit\" value=\"Baixar Manual\" \/>\n<\/p><div class=\"wpcf7-response-output\" aria-hidden=\"true\"><\/div>\n<\/form>\n<\/div>\n<\/p>\n","protected":false},"excerpt":{"rendered":"<div class=\"cartao\">\n<p id=\"descricao\" class=\"color-cinza-forte titillium_regular\">O subsolador \u00e9 um implemento agr\u00edcola que, acoplado em um trator, realiza a quebra do solo em profundidades abaixo dos n\u00edveis trabalhados por arados de aiveca, grades de disco ou rototiladores.<\/p>\n<\/div>\n","protected":false},"featured_media":551,"template":"","meta":[],"product_cat":[20],"product_tag":[],"_links":{"self":[{"href":"https:\/\/imakindustrial.com.br\/lp\/wp-json\/wp\/v2\/product\/260"}],"collection":[{"href":"https:\/\/imakindustrial.com.br\/lp\/wp-json\/wp\/v2\/product"}],"about":[{"href":"https:\/\/imakindustrial.com.br\/lp\/wp-json\/wp\/v2\/types\/product"}],"wp:featuredmedia":[{"embeddable":true,"href":"https:\/\/imakindustrial.com.br\/lp\/wp-json\/wp\/v2\/media\/551"}],"wp:attachment":[{"href":"https:\/\/imakindustrial.com.br\/lp\/wp-json\/wp\/v2\/media?parent=260"}],"wp:term":[{"taxonomy":"product_cat","embeddable":true,"href":"https:\/\/imakindustrial.com.br\/lp\/wp-json\/wp\/v2\/product_cat?post=260"},{"taxonomy":"product_tag","embeddable":true,"href":"https:\/\/imakindustrial.com.br\/lp\/wp-json\/wp\/v2\/product_tag?post=260"}],"curies":[{"name":"wp","href":"https:\/\/api.w.org\/{rel}","templated":true}]}}