{"id":245,"date":"2023-11-23T13:06:07","date_gmt":"2023-11-23T16:06:07","guid":{"rendered":"https:\/\/imakindustrial.com.br\/lp\/?post_type=product&#038;p=245"},"modified":"2024-06-04T09:55:07","modified_gmt":"2024-06-04T12:55:07","slug":"dflr-distribuidor-de-fertilizante-liquido-rodoviario","status":"publish","type":"product","link":"https:\/\/imakindustrial.com.br\/lp\/product\/dflr-distribuidor-de-fertilizante-liquido-rodoviario\/","title":{"rendered":"DFLR &#8211; Distribuidor de Fertilizante L\u00edquido Rodovi\u00e1rio"},"content":{"rendered":"","protected":false},"excerpt":{"rendered":"<p>O Distribuidor de Fertilizante L\u00edquido e Res\u00edduos possui as vers\u00f5es de 8.000 litros, 10.000 litros e 12.000 litros, possui tampa traseira com abertura total e mangueiras de suc\u00e7\u00e3o de 6&#8243;x6m. Al\u00e9m de ter uma vaz\u00e3o de bomba de 1.000L\/min a 2.000L\/min.<\/p>\n","protected":false},"featured_media":561,"template":"","meta":[],"product_cat":[23],"product_tag":[],"_links":{"self":[{"href":"https:\/\/imakindustrial.com.br\/lp\/wp-json\/wp\/v2\/product\/245"}],"collection":[{"href":"https:\/\/imakindustrial.com.br\/lp\/wp-json\/wp\/v2\/product"}],"about":[{"href":"https:\/\/imakindustrial.com.br\/lp\/wp-json\/wp\/v2\/types\/product"}],"wp:featuredmedia":[{"embeddable":true,"href":"https:\/\/imakindustrial.com.br\/lp\/wp-json\/wp\/v2\/media\/561"}],"wp:attachment":[{"href":"https:\/\/imakindustrial.com.br\/lp\/wp-json\/wp\/v2\/media?parent=245"}],"wp:term":[{"taxonomy":"product_cat","embeddable":true,"href":"https:\/\/imakindustrial.com.br\/lp\/wp-json\/wp\/v2\/product_cat?post=245"},{"taxonomy":"product_tag","embeddable":true,"href":"https:\/\/imakindustrial.com.br\/lp\/wp-json\/wp\/v2\/product_tag?post=245"}],"curies":[{"name":"wp","href":"https:\/\/api.w.org\/{rel}","templated":true}]}}