{"id":234,"date":"2023-11-16T17:06:25","date_gmt":"2023-11-16T20:06:25","guid":{"rendered":"https:\/\/imakindustrial.com.br\/lp\/?post_type=product&#038;p=234"},"modified":"2024-06-04T09:56:14","modified_gmt":"2024-06-04T12:56:14","slug":"gai-grade-aradora-intermediaria","status":"publish","type":"product","link":"https:\/\/imakindustrial.com.br\/lp\/product\/gai-grade-aradora-intermediaria\/","title":{"rendered":"GAI &#8211; Grade Aradora Intermedi\u00e1ria"},"content":{"rendered":"<p><img fetchpriority=\"high\" decoding=\"async\" class=\"alignnone wp-image-235 size-full\" src=\"https:\/\/imakindustrial.com.br\/lp\/wp-content\/uploads\/2023\/11\/gaitec.png\" alt=\"\" width=\"1785\" height=\"356\" srcset=\"https:\/\/imakindustrial.com.br\/lp\/wp-content\/uploads\/2023\/11\/gaitec.png 1785w, https:\/\/imakindustrial.com.br\/lp\/wp-content\/uploads\/2023\/11\/gaitec-300x60.png 300w, https:\/\/imakindustrial.com.br\/lp\/wp-content\/uploads\/2023\/11\/gaitec-1024x204.png 1024w, https:\/\/imakindustrial.com.br\/lp\/wp-content\/uploads\/2023\/11\/gaitec-768x153.png 768w, https:\/\/imakindustrial.com.br\/lp\/wp-content\/uploads\/2023\/11\/gaitec-1536x306.png 1536w, https:\/\/imakindustrial.com.br\/lp\/wp-content\/uploads\/2023\/11\/gaitec-600x120.png 600w\" sizes=\"(max-width: 1785px) 100vw, 1785px\" \/><\/p>\n","protected":false},"excerpt":{"rendered":"<p>A Grade Aradora Intermedi\u00e1ria \u00e9 o equipamento ideal para a prepara\u00e7\u00e3o do solo para o plantio de cereais em geral, na reforma de pastagens ou no destorroamento do solo ap\u00f3s o uso de grades e subsoladores de maior porte.<\/p>\n","protected":false},"featured_media":563,"template":"","meta":[],"product_cat":[20],"product_tag":[],"_links":{"self":[{"href":"https:\/\/imakindustrial.com.br\/lp\/wp-json\/wp\/v2\/product\/234"}],"collection":[{"href":"https:\/\/imakindustrial.com.br\/lp\/wp-json\/wp\/v2\/product"}],"about":[{"href":"https:\/\/imakindustrial.com.br\/lp\/wp-json\/wp\/v2\/types\/product"}],"wp:featuredmedia":[{"embeddable":true,"href":"https:\/\/imakindustrial.com.br\/lp\/wp-json\/wp\/v2\/media\/563"}],"wp:attachment":[{"href":"https:\/\/imakindustrial.com.br\/lp\/wp-json\/wp\/v2\/media?parent=234"}],"wp:term":[{"taxonomy":"product_cat","embeddable":true,"href":"https:\/\/imakindustrial.com.br\/lp\/wp-json\/wp\/v2\/product_cat?post=234"},{"taxonomy":"product_tag","embeddable":true,"href":"https:\/\/imakindustrial.com.br\/lp\/wp-json\/wp\/v2\/product_tag?post=234"}],"curies":[{"name":"wp","href":"https:\/\/api.w.org\/{rel}","templated":true}]}}