{"id":224,"date":"2023-11-16T16:35:18","date_gmt":"2023-11-16T19:35:18","guid":{"rendered":"https:\/\/imakindustrial.com.br\/lp\/?post_type=product&#038;p=224"},"modified":"2024-06-04T09:57:00","modified_gmt":"2024-06-04T12:57:00","slug":"dfl-distribuidor-de-fertilizante-liquido","status":"publish","type":"product","link":"https:\/\/imakindustrial.com.br\/lp\/product\/dfl-distribuidor-de-fertilizante-liquido\/","title":{"rendered":"DFL &#8211; Distribuidor de Fertilizante L\u00edquido"},"content":{"rendered":"<p><img fetchpriority=\"high\" decoding=\"async\" class=\"alignleft wp-image-225 size-full\" src=\"https:\/\/imakindustrial.com.br\/lp\/wp-content\/uploads\/2023\/11\/dfltec.png\" alt=\"\" width=\"1379\" height=\"613\" srcset=\"https:\/\/imakindustrial.com.br\/lp\/wp-content\/uploads\/2023\/11\/dfltec.png 1379w, https:\/\/imakindustrial.com.br\/lp\/wp-content\/uploads\/2023\/11\/dfltec-300x133.png 300w, https:\/\/imakindustrial.com.br\/lp\/wp-content\/uploads\/2023\/11\/dfltec-1024x455.png 1024w, https:\/\/imakindustrial.com.br\/lp\/wp-content\/uploads\/2023\/11\/dfltec-768x341.png 768w, https:\/\/imakindustrial.com.br\/lp\/wp-content\/uploads\/2023\/11\/dfltec-600x267.png 600w\" sizes=\"(max-width: 1379px) 100vw, 1379px\" \/><br \/>\n\n<div class=\"wpcf7 no-js\" id=\"wpcf7-f441-o1\" lang=\"pt-BR\" dir=\"ltr\">\n<div class=\"screen-reader-response\"><p role=\"status\" aria-live=\"polite\" aria-atomic=\"true\"><\/p> <ul><\/ul><\/div>\n<form action=\"\/lp\/wp-json\/wp\/v2\/product\/224#wpcf7-f441-o1\" method=\"post\" class=\"wpcf7-form init\" aria-label=\"Contact form\" novalidate=\"novalidate\" data-status=\"init\">\n<div style=\"display: none;\">\n<input type=\"hidden\" name=\"_wpcf7\" value=\"441\" \/>\n<input type=\"hidden\" name=\"_wpcf7_version\" value=\"5.8.3\" \/>\n<input type=\"hidden\" name=\"_wpcf7_locale\" value=\"pt_BR\" \/>\n<input type=\"hidden\" name=\"_wpcf7_unit_tag\" value=\"wpcf7-f441-o1\" \/>\n<input type=\"hidden\" name=\"_wpcf7_container_post\" value=\"0\" \/>\n<input type=\"hidden\" name=\"_wpcf7_posted_data_hash\" value=\"\" \/>\n<\/div>\n<p><label> Nome<br \/>\n<span class=\"wpcf7-form-control-wrap\" data-name=\"your-name\"><input size=\"40\" class=\"wpcf7-form-control wpcf7-text wpcf7-validates-as-required\" aria-required=\"true\" aria-invalid=\"false\" value=\"\" type=\"text\" name=\"your-name\" \/><\/span> <\/label>\n<\/p>\n<p><label> E-mail<br \/>\n<span class=\"wpcf7-form-control-wrap\" data-name=\"your-email\"><input size=\"40\" class=\"wpcf7-form-control wpcf7-email wpcf7-validates-as-required wpcf7-text wpcf7-validates-as-email\" aria-required=\"true\" aria-invalid=\"false\" value=\"\" type=\"email\" name=\"your-email\" \/><\/span> <\/label>\n<\/p>\n<p><label> WhatsApp<br \/>\n<span class=\"wpcf7-form-control-wrap\" data-name=\"tel-828\"><input size=\"40\" class=\"wpcf7-form-control wpcf7-tel wpcf7-text wpcf7-validates-as-tel\" aria-invalid=\"false\" value=\"\" type=\"tel\" name=\"tel-828\" \/><\/span> <\/label>\n<\/p>\n<p><label> Cidade<br \/>\n<span class=\"wpcf7-form-control-wrap\" data-name=\"cidade\"><input size=\"40\" class=\"wpcf7-form-control wpcf7-text wpcf7-validates-as-required\" aria-required=\"true\" aria-invalid=\"false\" value=\"\" type=\"text\" name=\"cidade\" \/><\/span> <\/label>\n<\/p>\n<p><input class=\"wpcf7-form-control wpcf7-submit has-spinner\" type=\"submit\" value=\"Baixar Manual\" \/>\n<\/p><div class=\"wpcf7-response-output\" aria-hidden=\"true\"><\/div>\n<\/form>\n<\/div>\n<\/p>\n","protected":false},"excerpt":{"rendered":"<p>O Distribuidor de Fertilizante L\u00edquido \u00e9 um equipamento destinado a suc\u00e7\u00e3o, transporte e distribui\u00e7\u00e3o de adubos l\u00edquidos, capta\u00e7\u00e3o de \u00e1gua, coleta de res\u00edduos l\u00edquidos. Possui bomba a v\u00e1cuo de palhetas com lubrifica\u00e7\u00e3o na carga e descarga e chassi robusto. Tem como opcionais tampa de inspe\u00e7\u00e3o superior, v\u00e1lvula de abertura da comporta hidr\u00e1ulica e tampa traseira com\u00a0abertura\u00a0total.<\/p>\n","protected":false},"featured_media":564,"template":"","meta":[],"product_cat":[23],"product_tag":[],"_links":{"self":[{"href":"https:\/\/imakindustrial.com.br\/lp\/wp-json\/wp\/v2\/product\/224"}],"collection":[{"href":"https:\/\/imakindustrial.com.br\/lp\/wp-json\/wp\/v2\/product"}],"about":[{"href":"https:\/\/imakindustrial.com.br\/lp\/wp-json\/wp\/v2\/types\/product"}],"wp:featuredmedia":[{"embeddable":true,"href":"https:\/\/imakindustrial.com.br\/lp\/wp-json\/wp\/v2\/media\/564"}],"wp:attachment":[{"href":"https:\/\/imakindustrial.com.br\/lp\/wp-json\/wp\/v2\/media?parent=224"}],"wp:term":[{"taxonomy":"product_cat","embeddable":true,"href":"https:\/\/imakindustrial.com.br\/lp\/wp-json\/wp\/v2\/product_cat?post=224"},{"taxonomy":"product_tag","embeddable":true,"href":"https:\/\/imakindustrial.com.br\/lp\/wp-json\/wp\/v2\/product_tag?post=224"}],"curies":[{"name":"wp","href":"https:\/\/api.w.org\/{rel}","templated":true}]}}