{"id":42,"date":"2023-11-16T08:09:08","date_gmt":"2023-11-16T11:09:08","guid":{"rendered":"https:\/\/imakindustrial.com.br\/lp\/?page_id=42"},"modified":"2025-07-07T14:23:08","modified_gmt":"2025-07-07T17:23:08","slug":"representantes","status":"publish","type":"page","link":"https:\/\/imakindustrial.com.br\/lp\/representantes\/","title":{"rendered":"REPRESENTANTES"},"content":{"rendered":"\t\t<div data-elementor-type=\"wp-page\" data-elementor-id=\"42\" class=\"elementor elementor-42\" data-elementor-post-type=\"page\">\n\t\t\t\t<div class=\"elementor-element elementor-element-d016b51 e-flex e-con-boxed e-con e-parent\" data-id=\"d016b51\" data-element_type=\"container\" data-settings=\"{&quot;_ha_eqh_enable&quot;:false}\">\n\t\t\t\t\t<div class=\"e-con-inner\">\n\t\t\t\t<div class=\"elementor-element elementor-element-95b06a8 elementor-align-left elementor-icon-list--layout-traditional elementor-list-item-link-full_width elementor-widget elementor-widget-icon-list\" data-id=\"95b06a8\" data-element_type=\"widget\" data-widget_type=\"icon-list.default\">\n\t\t\t\t<div class=\"elementor-widget-container\">\n\t\t\t\t\t<ul class=\"elementor-icon-list-items\">\n\t\t\t\t\t\t\t<li class=\"elementor-icon-list-item\">\n\t\t\t\t\t\t\t\t\t\t\t<span class=\"elementor-icon-list-icon\">\n\t\t\t\t\t\t\t<svg xmlns=\"http:\/\/www.w3.org\/2000\/svg\" xmlns:xlink=\"http:\/\/www.w3.org\/1999\/xlink\" id=\"Capa_1\" viewBox=\"0 0 14.707 14.707\" xml:space=\"preserve\"><g>\t<rect x=\"6.275\" y=\"0\" style=\"fill:#F57B00;\" width=\"2.158\" height=\"14.707\"><\/rect><\/g><\/svg>\t\t\t\t\t\t<\/span>\n\t\t\t\t\t\t\t\t\t\t<span class=\"elementor-icon-list-text\">REPRESENTANTES<\/span>\n\t\t\t\t\t\t\t\t\t<\/li>\n\t\t\t\t\t\t<\/ul>\n\t\t\t\t<\/div>\n\t\t\t\t<\/div>\n\t\t<div class=\"elementor-element elementor-element-d85279e e-flex e-con-boxed e-con e-child\" data-id=\"d85279e\" data-element_type=\"container\" data-settings=\"{&quot;_ha_eqh_enable&quot;:false}\">\n\t\t\t\t\t<div class=\"e-con-inner\">\n\t\t<div class=\"elementor-element elementor-element-1bdba9a e-flex e-con-boxed e-con e-child\" data-id=\"1bdba9a\" data-element_type=\"container\" data-settings=\"{&quot;_ha_eqh_enable&quot;:false}\">\n\t\t\t\t\t<div class=\"e-con-inner\">\n\t\t\t\t<div class=\"elementor-element elementor-element-efa5457 elementor-widget elementor-widget-heading\" data-id=\"efa5457\" data-element_type=\"widget\" data-widget_type=\"heading.default\">\n\t\t\t\t<div class=\"elementor-widget-container\">\n\t\t\t<h2 class=\"elementor-heading-title elementor-size-default\">Rio Grande do Sul<\/h2>\t\t<\/div>\n\t\t\t\t<\/div>\n\t\t\t\t<div class=\"elementor-element elementor-element-5c9de9d elementor-widget elementor-widget-text-editor\" data-id=\"5c9de9d\" data-element_type=\"widget\" data-widget_type=\"text-editor.default\">\n\t\t\t\t<div class=\"elementor-widget-container\">\n\t\t\t\t\t\t\t<p>RS1: Lucas Belmonte\u00a0<\/p><p>(55) 93618-4679<\/p><p>RS2: Daniel Zimmer Rocha<\/p><p>(54) 99177-2456<\/p><p>RS3: Luis Paulo Estery<\/p><p>(55) 99143-16004679<\/p>\t\t\t\t\t\t<\/div>\n\t\t\t\t<\/div>\n\t\t\t\t<div class=\"elementor-element elementor-element-b686af9 elementor-widget elementor-widget-heading\" data-id=\"b686af9\" data-element_type=\"widget\" data-widget_type=\"heading.default\">\n\t\t\t\t<div class=\"elementor-widget-container\">\n\t\t\t<h2 class=\"elementor-heading-title elementor-size-default\">Santa Catarina<\/h2>\t\t<\/div>\n\t\t\t\t<\/div>\n\t\t\t\t<div class=\"elementor-element elementor-element-fad0155 elementor-widget elementor-widget-text-editor\" data-id=\"fad0155\" data-element_type=\"widget\" data-widget_type=\"text-editor.default\">\n\t\t\t\t<div class=\"elementor-widget-container\">\n\t\t\t\t\t\t\t<p>SC1: Jo\u00e3o Costenaro<\/p><p>(49) 98803-1655<\/p><p>SC2: Jo\u00e3o Costenaro<\/p><p>(49) 98803-1655<\/p>\t\t\t\t\t\t<\/div>\n\t\t\t\t<\/div>\n\t\t\t\t<div class=\"elementor-element elementor-element-0b80e6e elementor-widget elementor-widget-heading\" data-id=\"0b80e6e\" data-element_type=\"widget\" data-widget_type=\"heading.default\">\n\t\t\t\t<div class=\"elementor-widget-container\">\n\t\t\t<h2 class=\"elementor-heading-title elementor-size-default\">Paran\u00e1<\/h2>\t\t<\/div>\n\t\t\t\t<\/div>\n\t\t\t\t<div class=\"elementor-element elementor-element-5e41500 elementor-widget elementor-widget-text-editor\" data-id=\"5e41500\" data-element_type=\"widget\" data-widget_type=\"text-editor.default\">\n\t\t\t\t<div class=\"elementor-widget-container\">\n\t\t\t\t\t\t\t<p>PR1:\u00a0<span style=\"color: var( --e-global-color-text ); font-family: var( --e-global-typography-primary-font-family ), Sans-serif; font-weight: var( --e-global-typography-primary-font-weight ); text-align: var(--text-align); font-size: 1rem;\">IMAK INDUSTRIAL<\/span><\/p><p>\u00a0(55) 93511-4112<\/p><p>PR2: Evandro Tavares<\/p><p>(46) 99935-9252<\/p>\t\t\t\t\t\t<\/div>\n\t\t\t\t<\/div>\n\t\t\t\t<div class=\"elementor-element elementor-element-afb5fec elementor-widget elementor-widget-heading\" data-id=\"afb5fec\" data-element_type=\"widget\" data-widget_type=\"heading.default\">\n\t\t\t\t<div class=\"elementor-widget-container\">\n\t\t\t<h2 class=\"elementor-heading-title elementor-size-default\">Mato Grosso do Sul<\/h2>\t\t<\/div>\n\t\t\t\t<\/div>\n\t\t\t\t<div class=\"elementor-element elementor-element-7f7a2c8 elementor-widget elementor-widget-text-editor\" data-id=\"7f7a2c8\" data-element_type=\"widget\" data-widget_type=\"text-editor.default\">\n\t\t\t\t<div class=\"elementor-widget-container\">\n\t\t\t\t\t\t\t<p>MS: Paulo Schwaab<\/p><p>\u00a0(67) 99604-0045<\/p>\t\t\t\t\t\t<\/div>\n\t\t\t\t<\/div>\n\t\t\t\t<div class=\"elementor-element elementor-element-05ba1ff elementor-widget elementor-widget-heading\" data-id=\"05ba1ff\" data-element_type=\"widget\" data-widget_type=\"heading.default\">\n\t\t\t\t<div class=\"elementor-widget-container\">\n\t\t\t<h2 class=\"elementor-heading-title elementor-size-default\">Uruguai<\/h2>\t\t<\/div>\n\t\t\t\t<\/div>\n\t\t\t\t<div class=\"elementor-element elementor-element-35cb476 elementor-widget elementor-widget-text-editor\" data-id=\"35cb476\" data-element_type=\"widget\" data-widget_type=\"text-editor.default\">\n\t\t\t\t<div class=\"elementor-widget-container\">\n\t\t\t\t\t\t\t<p>UY: Gerson Lauermann<\/p><p>+55 (55) 99651-2785<\/p>\t\t\t\t\t\t<\/div>\n\t\t\t\t<\/div>\n\t\t\t\t<div class=\"elementor-element elementor-element-40f3f4b elementor-widget elementor-widget-heading\" data-id=\"40f3f4b\" data-element_type=\"widget\" data-widget_type=\"heading.default\">\n\t\t\t\t<div class=\"elementor-widget-container\">\n\t\t\t<h2 class=\"elementor-heading-title elementor-size-default\">Paraguai<\/h2>\t\t<\/div>\n\t\t\t\t<\/div>\n\t\t\t\t<div class=\"elementor-element elementor-element-67653e0 elementor-widget elementor-widget-text-editor\" data-id=\"67653e0\" data-element_type=\"widget\" data-widget_type=\"text-editor.default\">\n\t\t\t\t<div class=\"elementor-widget-container\">\n\t\t\t\t\t\t\t<p>PY: IMAK INDUSTRIAL<\/p><p>+55 (55) 3511-4112<\/p>\t\t\t\t\t\t<\/div>\n\t\t\t\t<\/div>\n\t\t\t\t<div class=\"elementor-element elementor-element-c469bee elementor-widget elementor-widget-heading\" data-id=\"c469bee\" data-element_type=\"widget\" data-widget_type=\"heading.default\">\n\t\t\t\t<div class=\"elementor-widget-container\">\n\t\t\t<h2 class=\"elementor-heading-title elementor-size-default\">S\u00e3o Paulo<\/h2>\t\t<\/div>\n\t\t\t\t<\/div>\n\t\t\t\t<div class=\"elementor-element elementor-element-4a19dbc elementor-widget elementor-widget-text-editor\" data-id=\"4a19dbc\" data-element_type=\"widget\" data-widget_type=\"text-editor.default\">\n\t\t\t\t<div class=\"elementor-widget-container\">\n\t\t\t\t\t\t\t<p>SP: Sinval Girolamo<\/p><p>(16) 99195-2470<\/p>\t\t\t\t\t\t<\/div>\n\t\t\t\t<\/div>\n\t\t\t\t<div class=\"elementor-element elementor-element-89ef731 elementor-widget elementor-widget-heading\" data-id=\"89ef731\" data-element_type=\"widget\" data-widget_type=\"heading.default\">\n\t\t\t\t<div class=\"elementor-widget-container\">\n\t\t\t<h2 class=\"elementor-heading-title elementor-size-default\">Goi\u00e1s<\/h2>\t\t<\/div>\n\t\t\t\t<\/div>\n\t\t\t\t<div class=\"elementor-element elementor-element-aa6bad2 elementor-widget elementor-widget-text-editor\" data-id=\"aa6bad2\" data-element_type=\"widget\" data-widget_type=\"text-editor.default\">\n\t\t\t\t<div class=\"elementor-widget-container\">\n\t\t\t\t\t\t\t<p>GO: Paulo Schwaab<\/p><p>\u00a0(67) 99604-0045<\/p><p>\u00a0<\/p>\t\t\t\t\t\t<\/div>\n\t\t\t\t<\/div>\n\t\t\t\t<div class=\"elementor-element elementor-element-009f4c8 elementor-widget elementor-widget-heading\" data-id=\"009f4c8\" data-element_type=\"widget\" data-widget_type=\"heading.default\">\n\t\t\t\t<div class=\"elementor-widget-container\">\n\t\t\t<h2 class=\"elementor-heading-title elementor-size-default\">Minas Gerais<span style=\"color: var( --e-global-color-primary );font-family: var( --e-global-typography-primary-font-family ), Sans-serif;font-size: 2rem;font-weight: var( --e-global-typography-primary-font-weight );text-align: var(--text-align)\"><\/span><\/h2>\t\t<\/div>\n\t\t\t\t<\/div>\n\t\t\t\t<div class=\"elementor-element elementor-element-f7c3cf4 elementor-widget elementor-widget-text-editor\" data-id=\"f7c3cf4\" data-element_type=\"widget\" data-widget_type=\"text-editor.default\">\n\t\t\t\t<div class=\"elementor-widget-container\">\n\t\t\t\t\t\t\t<p>MG1:&nbsp;<span style=\"color: var( --e-global-color-text ); font-family: var( --e-global-typography-primary-font-family ), Sans-serif; font-weight: var( --e-global-typography-primary-font-weight ); text-align: var(--text-align); font-size: 1rem;\">IMAK INDUSTRIAL<\/span><\/p><p>&nbsp;(55) 3511-4112<\/p>\n<p><\/p>\t\t\t\t\t\t<\/div>\n\t\t\t\t<\/div>\n\t\t\t\t<div class=\"elementor-element elementor-element-1c68acc elementor-widget elementor-widget-heading\" data-id=\"1c68acc\" data-element_type=\"widget\" data-widget_type=\"heading.default\">\n\t\t\t\t<div class=\"elementor-widget-container\">\n\t\t\t<h2 class=\"elementor-heading-title elementor-size-default\">Mato Grosso<\/h2>\t\t<\/div>\n\t\t\t\t<\/div>\n\t\t\t\t<div class=\"elementor-element elementor-element-5f97933 elementor-widget elementor-widget-text-editor\" data-id=\"5f97933\" data-element_type=\"widget\" data-widget_type=\"text-editor.default\">\n\t\t\t\t<div class=\"elementor-widget-container\">\n\t\t\t\t\t\t\t<p><span style=\"color: var( --e-global-color-text ); font-family: var( --e-global-typography-primary-font-family ), Sans-serif; font-weight: var( --e-global-typography-primary-font-weight ); text-align: var(--text-align); font-size: 1rem;\">Ivan Marcelo Kappes&nbsp;<\/span><br><\/p>\n<p>(65) 99696-6050<\/p>\n<p><br><\/p>\t\t\t\t\t\t<\/div>\n\t\t\t\t<\/div>\n\t\t\t\t\t<\/div>\n\t\t\t\t<\/div>\n\t\t<div class=\"elementor-element elementor-element-1b3a875 e-flex e-con-boxed e-con e-child\" data-id=\"1b3a875\" data-element_type=\"container\" data-settings=\"{&quot;_ha_eqh_enable&quot;:false}\">\n\t\t\t\t\t<div class=\"e-con-inner\">\n\t\t\t\t<div class=\"elementor-element elementor-element-2538bb6 elementor-widget__width-initial elementor-widget elementor-widget-image\" data-id=\"2538bb6\" data-element_type=\"widget\" data-widget_type=\"image.default\">\n\t\t\t\t<div class=\"elementor-widget-container\">\n\t\t\t\t\t\t\t\t\t\t\t\t\t<img fetchpriority=\"high\" decoding=\"async\" width=\"607\" height=\"1024\" src=\"https:\/\/imakindustrial.com.br\/lp\/wp-content\/uploads\/2025\/07\/Mapa-Representantes-Site-607x1024.png\" class=\"attachment-large size-large wp-image-641\" alt=\"\" srcset=\"https:\/\/imakindustrial.com.br\/lp\/wp-content\/uploads\/2025\/07\/Mapa-Representantes-Site-607x1024.png 607w, https:\/\/imakindustrial.com.br\/lp\/wp-content\/uploads\/2025\/07\/Mapa-Representantes-Site-178x300.png 178w, https:\/\/imakindustrial.com.br\/lp\/wp-content\/uploads\/2025\/07\/Mapa-Representantes-Site-768x1295.png 768w, https:\/\/imakindustrial.com.br\/lp\/wp-content\/uploads\/2025\/07\/Mapa-Representantes-Site-911x1536.png 911w, https:\/\/imakindustrial.com.br\/lp\/wp-content\/uploads\/2025\/07\/Mapa-Representantes-Site-1214x2048.png 1214w, https:\/\/imakindustrial.com.br\/lp\/wp-content\/uploads\/2025\/07\/Mapa-Representantes-Site-600x1012.png 600w, https:\/\/imakindustrial.com.br\/lp\/wp-content\/uploads\/2025\/07\/Mapa-Representantes-Site.png 2043w\" sizes=\"(max-width: 607px) 100vw, 607px\" \/>\t\t\t\t\t\t\t\t\t\t\t\t\t<\/div>\n\t\t\t\t<\/div>\n\t\t\t\t\t<\/div>\n\t\t\t\t<\/div>\n\t\t\t\t\t<\/div>\n\t\t\t\t<\/div>\n\t\t\t\t\t<\/div>\n\t\t\t\t<\/div>\n\t\t<div class=\"elementor-element elementor-element-5924a27 e-flex e-con-boxed e-con e-parent\" data-id=\"5924a27\" data-element_type=\"container\" data-settings=\"{&quot;_ha_eqh_enable&quot;:false}\">\n\t\t\t\t\t<div class=\"e-con-inner\">\n\t\t\t\t\t<\/div>\n\t\t\t\t<\/div>\n\t\t\t\t<\/div>\n\t\t","protected":false},"excerpt":{"rendered":"<p>REPRESENTANTES Rio Grande do Sul RS1: Lucas Belmonte\u00a0 (55) 93618-4679 RS2: Daniel Zimmer Rocha (54) 99177-2456 RS3: Luis Paulo Estery (55) 99143-16004679 Santa Catarina SC1: Jo\u00e3o Costenaro (49) 98803-1655 SC2: Jo\u00e3o Costenaro (49) 98803-1655 Paran\u00e1 PR1:\u00a0IMAK INDUSTRIAL \u00a0(55) 93511-4112 PR2: Evandro Tavares (46) 99935-9252 Mato Grosso do Sul MS: Paulo Schwaab \u00a0(67) 99604-0045 Uruguai UY: [&hellip;]<\/p>\n","protected":false},"author":1,"featured_media":0,"parent":0,"menu_order":0,"comment_status":"closed","ping_status":"closed","template":"elementor_header_footer","meta":{"footnotes":""},"_links":{"self":[{"href":"https:\/\/imakindustrial.com.br\/lp\/wp-json\/wp\/v2\/pages\/42"}],"collection":[{"href":"https:\/\/imakindustrial.com.br\/lp\/wp-json\/wp\/v2\/pages"}],"about":[{"href":"https:\/\/imakindustrial.com.br\/lp\/wp-json\/wp\/v2\/types\/page"}],"author":[{"embeddable":true,"href":"https:\/\/imakindustrial.com.br\/lp\/wp-json\/wp\/v2\/users\/1"}],"replies":[{"embeddable":true,"href":"https:\/\/imakindustrial.com.br\/lp\/wp-json\/wp\/v2\/comments?post=42"}],"version-history":[{"count":65,"href":"https:\/\/imakindustrial.com.br\/lp\/wp-json\/wp\/v2\/pages\/42\/revisions"}],"predecessor-version":[{"id":646,"href":"https:\/\/imakindustrial.com.br\/lp\/wp-json\/wp\/v2\/pages\/42\/revisions\/646"}],"wp:attachment":[{"href":"https:\/\/imakindustrial.com.br\/lp\/wp-json\/wp\/v2\/media?parent=42"}],"curies":[{"name":"wp","href":"https:\/\/api.w.org\/{rel}","templated":true}]}}